{"id":644,"date":"2019-08-20T10:51:28","date_gmt":"2019-08-20T10:51:28","guid":{"rendered":"https:\/\/ciadelapraka.com\/about-us\/"},"modified":"2023-07-13T06:03:42","modified_gmt":"2023-07-13T06:03:42","slug":"sobre-nos","status":"publish","type":"page","link":"https:\/\/ciadelapraka.com\/pt-br\/sobre-nos\/","title":{"rendered":"sobre nos"},"content":{"rendered":"<div class=\"wpb-content-wrapper\">[vc_row][vc_column width=&#8221;1\/1&#8243;][vc_column_text uncode_shortcode_id=&#8221;672870&#8243;]\n<h1>Cia Del\u00e1 Prak\u00e1<\/h1>\n<p>A companhia nasceu em 2007 no Rio de Janeiro do encontro de tr\u00eas artistas (Marina Collares, Ronan Lima e Julia Franca) que estudavam na Escola Nacional de Circo &#8211; RJ, interessados em desconstruir a est\u00e9tica tradicional do circo atrav\u00e9s da dan\u00e7a contempor\u00e2nea. Realizaram cria\u00e7\u00f5es de alguns n\u00fameros tais como: &#8220;Claveando&#8221;, &#8220;Jango&#8221;, &#8220;Junto&#8221; e &#8220;Sen-tido&#8221; utilizando principalmente o malabarismo e a dan\u00e7a como linguagem.<\/p>\n<p>Em 2009 Ronan Lima e Marina Collares viajam para Europa e criam o espet\u00e1culo\u00a0 &#8220;<em>Entre\u00e2mbicos&#8221;<\/em>\u00a0apresentando em festivais na Fran\u00e7a e Espanha e organizam sua primeira turn\u00ea independente de circo social na \u00c1frica (Mali e Guin\u00e9 Conacri)<\/p>\n<p>Em 2011 instalam-se em Barcelona e realizam uma nova cria\u00e7\u00e3o &#8220;<em>Nois um&#8221;<\/em>, um espet\u00e1culo de Dan\u00e7a e Circo com musica ao vivo, que utiliza as t\u00e9cnicas de m\u00e3o a m\u00e3o, acro-dan\u00e7a e o malabarismo (bola de contato) para o enredo da obra. Com esse espet\u00e1culo a Cia ganhou o mundo atuando em mais de 14 pa\u00edses realizando em torno de 400 apresenta\u00e7\u00f5es, em Festivais de Arte de Rua, Circo e Dan\u00e7a na Europa e America Latina.<\/p>\n<p>Em 2012 Marina e Ronan iniciam a forma\u00e7\u00e3o no <em>Le Lido &#8211; \u00e9cole des Arts du Cirque de Toulouse<\/em> &#8211; Fran\u00e7a. Em 2015 desenvolvem com Cl\u00e1udio Martinez o projeto &#8220;<em>UEIA&#8221;<\/em> pelo programa de de Inser\u00e7\u00e3o Profissional da escola.<\/p>\n<p>Em 2017 convidam Edgar Ramos e Diana Bloch para a cria\u00e7\u00e3o de seu atual espet\u00e1culo <em>\u201cMaiador\u201d (Circo, Dan\u00e7a e Cultura Popular), <\/em>estreando em 2019 atuando na Europa (Alemanha, Italia, Fran\u00e7a, B\u00e9lgica, Holanda, Austria, Luxemburgo, Espanha, Su\u00ed\u00e7a) e no Brasil (Minas Gerais, Rio de Janeiro, Bahia e S\u00e3o Paulo).<\/p>\n<p>A <em>Cia Del\u00e1 Prak\u00e1<\/em> desenvolve sua pr\u00f3pria linguagem a partir da dan\u00e7a, da acrobacia, do duo acrob\u00e1tico tendo tamb\u00e9m uma forte influencia da Capoeira Angola.<\/p>\n<p>Atualmente seguem em turn\u00ea e est\u00e3o desenvolvendo uma nova cria\u00e7\u00e3o de um espet\u00e1culo chamado &#8220;Balaio&#8221; com previs\u00e3o de estreia outubro de 2024.[\/vc_column_text][\/vc_column][\/vc_row][vc_row row_height_percent=&#8221;0&#8243; overlay_alpha=&#8221;50&#8243; gutter_size=&#8221;3&#8243; column_width_percent=&#8221;100&#8243; shift_y=&#8221;0&#8243; z_index=&#8221;0&#8243;][vc_column width=&#8221;1\/4&#8243;][vc_column_text]<\/p>\n<h2>DIANA BLOCH<\/h2>\n<p style=\"font-size: 13px;\">Ingressou no circo em 2004 em Bras\u00edlia. Integrou o elenco da <em>Cia Intr\u00e9pida Trupe<\/em> de 2012 a 2014 e a <em>Cia Sarabanda<\/em> (Italia) em 2014 e 2015. Formou-se no curso t\u00e9cnico Bailarino Contempor\u00e2neo na <em>Escola Angel Vianna<\/em> em 2014. Neste percurso conhece Edgar Ramos, com quem cria o Coletivo Circense N\u00f3 de Gravata. \u201dCursou a Forma\u00e7\u00e3o Profissional em Teatro &#8220;Vers um acteur pluriel&#8221; no <em>&#8220;Le Ring&#8221;<\/em> em Toulouse-FR em 2016. Hoje integra o elenco de <em>\u201cMaiador\u201d<\/em> pela <em>Cia Del\u00e1 Prak\u00e1<\/em> (BRA-FR).<\/p>\n<p>[\/vc_column_text][\/vc_column][vc_column width=&#8221;1\/4&#8243;][vc_column_text]<\/p>\n<h2>RONAN LIMA<\/h2>\n<p style=\"font-size: 13px;\">Iniciou a acrobacia capoeira e a dan\u00e7a contempor\u00e2nea ainda crian\u00e7a. Em 2006 se licenciou em Educa\u00e7\u00e3o F\u00edsica. Enquanto cursava a <em>Escola Nacional de Circo<\/em> (Rio de Janeiro \u2013 Brasil) conheceu Marina Collares, com quem cria a <em>Cia Del\u00e1 Prak\u00e1e<\/em> o espet\u00e1culo <em>\u201cNois Um\u201d<\/em>. Cursou a <em>AREA Spai de Dansa i Creci\u00f3<\/em> (Barcelona \u2013 Espa\u00f1a) e depois a escola <em>Le Lido, Centre des Arts du Cirque Toulouse<\/em> \u2013 FR, onde se especializou com Marina em duo acrob\u00e1tico. Com a <em>Cia Del\u00e1 Prak\u00e1<\/em>, ganharam o mundo ministrando workshops, apresentando-se em mais de 14 pa\u00edses.<\/p>\n<p>[\/vc_column_text][\/vc_column][vc_column width=&#8221;1\/4&#8243;][vc_column_text]<\/p>\n<h2>MARINA COLLARES<\/h2>\n<p style=\"font-size: 13px;\">\u00c9 bailarina desde pequena. Come\u00e7ou pelo ballet cl\u00e1ssico e formou-se em dan\u00e7a contempor\u00e2nea na <em>Faculdade Angel Vianna<\/em>. Encanta-se pelo circo e ingressa na <em>Escola Nacional de Circo<\/em> (Rio de Janeiro -BRA). Em parceria com Ronan Lima, desenvolve sua pesquisa em acrodan\u00e7a e duo acrob\u00e1tico. Cursa a <em>AREA Spai de Dansa i Creaci\u00f3 e na MOVEO Escuela Internacional de Mimo Corporal Dram\u00e1tico<\/em> (Barcelona-Espa\u00f1a). Em Toulouse-FR cursa o <em>Le Lido, Centre des Arts du Cirque<\/em>.<\/p>\n<p style=\"font-size: 13px;\">Com a Cia Del\u00e1 Prak\u00e1, segue em turn\u00ea pelos festivais internacionais.<\/p>\n<p>[\/vc_column_text][\/vc_column][vc_column width=&#8221;1\/4&#8243;][vc_column_text]<\/p>\n<h2>EDGAR RAMOS<\/h2>\n<p style=\"font-size: 13px;\">Em 2007 come\u00e7a seu percurso artistico \u00e0 escola <em>Circo-lo de Cria\u00e7\u00e3o<\/em>. Em 2011 entra na forma\u00e7\u00e3o de circo <em>Profac da escola Crescer e Viver<\/em> onde ele come\u00e7a a pesquisar o mastro chin\u00eas. Integrou o elenco da <em>Cia Intr\u00e9pida Trupe<\/em> de 2012 a 2014. Nesse mesmo per\u00edodo cursou o t\u00e9cnico Bailarino Contempor\u00e2neo pela <em>Escola Angel Vianna<\/em>.<\/p>\n<p style=\"font-size: 13px;\">Formou se na especialidade mastro chin\u00eas em 2016 pela e<em>scola de circo Le Lido &#8211; Toulouse<\/em>\/Fran\u00e7a. Hoje integra o elenco de <em>\u201cMaiador\u201d<\/em> pela Cia Del\u00e1 Prak\u00e1 (BRA-FR).<\/p>\n<p>[\/vc_column_text][\/vc_column][\/vc_row]<\/p>\n<\/div>","protected":false},"excerpt":{"rendered":"[vc_row][vc_column width=&#8221;1\/1&#8243;][vc_column_text uncode_shortcode_id=&#8221;672870&#8243;] Cia Del\u00e1 Prak\u00e1 A companhia nasceu em 2007 no Rio de Janeiro do encontro de tr\u00eas artistas [&hellip;]","protected":false},"author":1,"featured_media":0,"parent":0,"menu_order":0,"comment_status":"closed","ping_status":"closed","template":"","meta":{"footnotes":""},"class_list":["post-644","page","type-page","status-publish","hentry"],"yoast_head":"<!-- This site is optimized with the Yoast SEO plugin v25.6 - https:\/\/yoast.com\/wordpress\/plugins\/seo\/ -->\n<title>sobre nos - Cia Dela Praka<\/title>\n<meta name=\"robots\" content=\"index, follow, max-snippet:-1, max-image-preview:large, max-video-preview:-1\" \/>\n<link rel=\"canonical\" href=\"https:\/\/ciadelapraka.com\/pt-br\/sobre-nos\/\" \/>\n<meta property=\"og:locale\" content=\"pt_BR\" \/>\n<meta property=\"og:type\" content=\"article\" \/>\n<meta property=\"og:title\" content=\"sobre nos - Cia Dela Praka\" \/>\n<meta property=\"og:description\" content=\"[vc_row][vc_column width=&#8221;1\/1&#8243;][vc_column_text uncode_shortcode_id=&#8221;672870&#8243;] Cia Del\u00e1 Prak\u00e1 A companhia nasceu em 2007 no Rio de Janeiro do encontro de tr\u00eas artistas [&hellip;]\" \/>\n<meta property=\"og:url\" content=\"https:\/\/ciadelapraka.com\/pt-br\/sobre-nos\/\" \/>\n<meta property=\"og:site_name\" content=\"Cia Dela Praka\" \/>\n<meta property=\"article:modified_time\" content=\"2023-07-13T06:03:42+00:00\" \/>\n<meta name=\"twitter:card\" content=\"summary_large_image\" \/>\n<meta name=\"twitter:label1\" content=\"Est. tempo de leitura\" \/>\n\t<meta name=\"twitter:data1\" content=\"4 minutos\" \/>\n<script type=\"application\/ld+json\" class=\"yoast-schema-graph\">{\"@context\":\"https:\/\/schema.org\",\"@graph\":[{\"@type\":\"WebPage\",\"@id\":\"https:\/\/ciadelapraka.com\/pt-br\/sobre-nos\/\",\"url\":\"https:\/\/ciadelapraka.com\/pt-br\/sobre-nos\/\",\"name\":\"sobre nos - Cia Dela Praka\",\"isPartOf\":{\"@id\":\"https:\/\/ciadelapraka.com\/pt-br\/#website\"},\"datePublished\":\"2019-08-20T10:51:28+00:00\",\"dateModified\":\"2023-07-13T06:03:42+00:00\",\"breadcrumb\":{\"@id\":\"https:\/\/ciadelapraka.com\/pt-br\/sobre-nos\/#breadcrumb\"},\"inLanguage\":\"pt-BR\",\"potentialAction\":[{\"@type\":\"ReadAction\",\"target\":[\"https:\/\/ciadelapraka.com\/pt-br\/sobre-nos\/\"]}]},{\"@type\":\"BreadcrumbList\",\"@id\":\"https:\/\/ciadelapraka.com\/pt-br\/sobre-nos\/#breadcrumb\",\"itemListElement\":[{\"@type\":\"ListItem\",\"position\":1,\"name\":\"Home\",\"item\":\"https:\/\/ciadelapraka.com\/pt-br\/\"},{\"@type\":\"ListItem\",\"position\":2,\"name\":\"sobre nos\"}]},{\"@type\":\"WebSite\",\"@id\":\"https:\/\/ciadelapraka.com\/pt-br\/#website\",\"url\":\"https:\/\/ciadelapraka.com\/pt-br\/\",\"name\":\"Cia Dela Praka\",\"description\":\"Circus &amp; Dance Company\",\"potentialAction\":[{\"@type\":\"SearchAction\",\"target\":{\"@type\":\"EntryPoint\",\"urlTemplate\":\"https:\/\/ciadelapraka.com\/pt-br\/?s={search_term_string}\"},\"query-input\":{\"@type\":\"PropertyValueSpecification\",\"valueRequired\":true,\"valueName\":\"search_term_string\"}}],\"inLanguage\":\"pt-BR\"}]}<\/script>\n<!-- \/ Yoast SEO plugin. -->","yoast_head_json":{"title":"sobre nos - Cia Dela Praka","robots":{"index":"index","follow":"follow","max-snippet":"max-snippet:-1","max-image-preview":"max-image-preview:large","max-video-preview":"max-video-preview:-1"},"canonical":"https:\/\/ciadelapraka.com\/pt-br\/sobre-nos\/","og_locale":"pt_BR","og_type":"article","og_title":"sobre nos - Cia Dela Praka","og_description":"[vc_row][vc_column width=&#8221;1\/1&#8243;][vc_column_text uncode_shortcode_id=&#8221;672870&#8243;] Cia Del\u00e1 Prak\u00e1 A companhia nasceu em 2007 no Rio de Janeiro do encontro de tr\u00eas artistas [&hellip;]","og_url":"https:\/\/ciadelapraka.com\/pt-br\/sobre-nos\/","og_site_name":"Cia Dela Praka","article_modified_time":"2023-07-13T06:03:42+00:00","twitter_card":"summary_large_image","twitter_misc":{"Est. tempo de leitura":"4 minutos"},"schema":{"@context":"https:\/\/schema.org","@graph":[{"@type":"WebPage","@id":"https:\/\/ciadelapraka.com\/pt-br\/sobre-nos\/","url":"https:\/\/ciadelapraka.com\/pt-br\/sobre-nos\/","name":"sobre nos - Cia Dela Praka","isPartOf":{"@id":"https:\/\/ciadelapraka.com\/pt-br\/#website"},"datePublished":"2019-08-20T10:51:28+00:00","dateModified":"2023-07-13T06:03:42+00:00","breadcrumb":{"@id":"https:\/\/ciadelapraka.com\/pt-br\/sobre-nos\/#breadcrumb"},"inLanguage":"pt-BR","potentialAction":[{"@type":"ReadAction","target":["https:\/\/ciadelapraka.com\/pt-br\/sobre-nos\/"]}]},{"@type":"BreadcrumbList","@id":"https:\/\/ciadelapraka.com\/pt-br\/sobre-nos\/#breadcrumb","itemListElement":[{"@type":"ListItem","position":1,"name":"Home","item":"https:\/\/ciadelapraka.com\/pt-br\/"},{"@type":"ListItem","position":2,"name":"sobre nos"}]},{"@type":"WebSite","@id":"https:\/\/ciadelapraka.com\/pt-br\/#website","url":"https:\/\/ciadelapraka.com\/pt-br\/","name":"Cia Dela Praka","description":"Circus &amp; Dance Company","potentialAction":[{"@type":"SearchAction","target":{"@type":"EntryPoint","urlTemplate":"https:\/\/ciadelapraka.com\/pt-br\/?s={search_term_string}"},"query-input":{"@type":"PropertyValueSpecification","valueRequired":true,"valueName":"search_term_string"}}],"inLanguage":"pt-BR"}]}},"_links":{"self":[{"href":"https:\/\/ciadelapraka.com\/pt-br\/wp-json\/wp\/v2\/pages\/644","targetHints":{"allow":["GET"]}}],"collection":[{"href":"https:\/\/ciadelapraka.com\/pt-br\/wp-json\/wp\/v2\/pages"}],"about":[{"href":"https:\/\/ciadelapraka.com\/pt-br\/wp-json\/wp\/v2\/types\/page"}],"author":[{"embeddable":true,"href":"https:\/\/ciadelapraka.com\/pt-br\/wp-json\/wp\/v2\/users\/1"}],"replies":[{"embeddable":true,"href":"https:\/\/ciadelapraka.com\/pt-br\/wp-json\/wp\/v2\/comments?post=644"}],"version-history":[{"count":22,"href":"https:\/\/ciadelapraka.com\/pt-br\/wp-json\/wp\/v2\/pages\/644\/revisions"}],"predecessor-version":[{"id":3984,"href":"https:\/\/ciadelapraka.com\/pt-br\/wp-json\/wp\/v2\/pages\/644\/revisions\/3984"}],"wp:attachment":[{"href":"https:\/\/ciadelapraka.com\/pt-br\/wp-json\/wp\/v2\/media?parent=644"}],"curies":[{"name":"wp","href":"https:\/\/api.w.org\/{rel}","templated":true}]}}