{"id":632,"date":"2019-08-20T10:51:28","date_gmt":"2019-08-20T10:51:28","guid":{"rendered":"https:\/\/ciadelapraka.com\/sobre-nosotros\/"},"modified":"2023-04-21T13:25:53","modified_gmt":"2023-04-21T13:25:53","slug":"a-propos-de-nous","status":"publish","type":"page","link":"https:\/\/ciadelapraka.com\/fr\/a-propos-de-nous\/","title":{"rendered":"a propos de nous"},"content":{"rendered":"<div class=\"wpb-content-wrapper\">[vc_row][vc_column width=\u00a0\u00bb1\/1&Prime;][vc_column_text uncode_shortcode_id=\u00a0\u00bb119042&Prime;]\n<h1>Cia Del\u00e1 Prak\u00e1<\/h1>\n<p>La compagnie est n\u00e9e en 2007 \u00e0 Rio de Janeiro de la rencontre de trois artistes (Marina Collares, Ronan Lima et Julia Franca) qui ont \u00e9tudi\u00e9 \u00e0 l&rsquo;Escola Nacional de Circo, int\u00e9ress\u00e9s par la d\u00e9construire de l&rsquo;esth\u00e9tique du cirque traditionnel \u00e0 travers la danse contemporaine. Ils ont cr\u00e9\u00e9 des num\u00e9ros tels que \u00ab\u00a0Claveando\u00a0\u00bb, \u00ab\u00a0Jango\u00a0\u00bb, \u00ab\u00a0Junto\u00a0\u00bb et \u00ab\u00a0Sen-tido\u00a0\u00bb en utilisant principalement la jonglerie et la danse comme langage.<\/p>\n<p>En 2009, Ronan Lima et Marina Collares voyagent en Europe et cr\u00e9ent le spectacle \u00ab\u00a0Entre\u00e2mbicos\u00a0\u00bb qu&rsquo;ils pr\u00e9sentent dans des festivals en France et en Espagne et organisent leur premi\u00e8re tourn\u00e9e ind\u00e9pendante de cirque social en Afrique (Mali et Guin\u00e9e Conakry).<\/p>\n<p>En 2011, ils s&rsquo;installent \u00e0 Barcelone et r\u00e9alisent une nouvelle cr\u00e9ation \u00ab\u00a0Nois um\u00a0\u00bb, un spectacle de danse et de cirque avec de la musique live, qui utilise des techniques d&rsquo;acro-danse main \u00e0 main et de jonglage (balle de contact) pour la trame de l&rsquo;\u0153uvre. Avec cette pi\u00e8ce, la Cia a conquis le monde en se produisant dans plus de 14 pays et en donnant environ 400 repr\u00e9sentations dans des festivals d&rsquo;art de la rue, de cirque et de danse en Europe et en Am\u00e9rique latine.<\/p>\n<p>En 2012, Marina et Ronan commencent leur formation au Lido &#8211; \u00e9cole des Arts du Cirque de Toulouse &#8211; France. En 2015 ils d\u00e9veloppent avec Cl\u00e1udio Martinez le projet \u00ab\u00a0UEIA\u00a0\u00bb dans le cadre du programme d&rsquo;Insertion Professionnelle de l&rsquo;\u00e9cole.<\/p>\n<p>En 2017, ils invitent Edgar Ramos et Diana Bloch pour la cr\u00e9ation de leur spectacle actuel \u00ab\u00a0Maiador\u00a0\u00bb (Cirque, Danse et Culture Populaire), dont la premi\u00e8re aura lieu en 2019 et qui se produira en Europe (Allemagne, Italie, France, Belgique, Pays-Bas, Autriche, Luxembourg, Espagne, Suisse) et au Br\u00e9sil (Minas Gerais, Rio de Janeiro, Bahia et S\u00e3o Paulo).<\/p>\n<p>La Cia Del\u00e1 Prak\u00e1 d\u00e9veloppe son propre langage \u00e0 partir de la danse, de l&rsquo;acrobatie et du duo acrobatique, avec une forte influence de la Capoeira angolaise.<\/p>\n<p>Ils sont actuellement en tourn\u00e9e et d\u00e9veloppent une nouvelle cr\u00e9ation d&rsquo;un spectacle appel\u00e9 \u00ab\u00a0Balaio\u00a0\u00bb dont la premi\u00e8re est pr\u00e9vue en octobre 2024.<\/p>\n<p>&nbsp;[\/vc_column_text][\/vc_column][\/vc_row][vc_row row_height_percent=\u00a0\u00bb0&Prime; overlay_alpha=\u00a0\u00bb50&Prime; gutter_size=\u00a0\u00bb3&Prime; column_width_percent=\u00a0\u00bb100&Prime; shift_y=\u00a0\u00bb0&Prime; z_index=\u00a0\u00bb0&Prime;][vc_column width=\u00a0\u00bb1\/4&Prime;][vc_column_text]<\/p>\n<h2>DIANA BLOCH<\/h2>\n<p style=\"font-size: 13px;\">Elle a commenc\u00e9 le cirque \u00e0 Brasilia en 2004. Elle a Int\u00e8gr\u00e9e, en tant qu&rsquo;interpr\u00e8te et assistance de metteur en sc\u00e8ne, la <em>Cie Intr\u00e9pida Trupe<\/em> (Br\u00e9sil) du 2012 au 2014 et comme interpr\u00e8te \u00e0 <em>Cia Sarabanda<\/em> (Italie) le 2014\/15. le 2014 finit la formation professionalle \u00ab <em>danseur contemporain\u00a0\u00bb \u00e0 l\u2018\u00c9cole Angel Vianna<\/em>.Dans sont parcours, elle rencontr\u00e9 Edgar Ramos, avec qui elle a cr\u00e9e le <em>\u201cColetivo N\u00f3 de Gravata\u201d<\/em>.<\/p>\n<p style=\"font-size: 13px;\">En France, elle compl\u00e8te la formation technique en th\u00e9\u00e2tre, par <em>Cie Th\u00e9atre 2 L&rsquo;Acte<\/em> \u00e0 Toulouse &#8211; en 2016. En ce moment fait partie de la <em>Cie Del\u00e1 Prak\u00e1<\/em> avec le spectacle <em>\u00abMaiador\u00bb<\/em> (BRA-FR).<\/p>\n<p>[\/vc_column_text][\/vc_column][vc_column width=\u00a0\u00bb1\/4&Prime;][vc_column_text]<\/p>\n<h2>RONAN LIMA<\/h2>\n<p style=\"font-size: 13px;\">Il a commenc\u00e9 l&rsquo;acrobatie, la capoeira et la danse contemporaine, depuis petit. En 2006, il est dipl\u00f4m\u00e9 en \u00e9ducation physique. En fr\u00e9quentant l\u2019 <em>Escola Nacional de Circo<\/em> (Rio de Janeiro &#8211; Br\u00e9sil), il a rencontr\u00e9 Marina Collares, avec qui il a cr\u00e9\u00e9 <em>Cia Del\u00e1 Prak\u00e1<\/em> et le spectacle <em>Nois Um<\/em>. Il a \u00e9tudi\u00e9 au <em>AREA Spai de Dansa i Creci\u00f3<\/em> (Barcelone &#8211; Espagne) et ensuite a <em>l&rsquo;\u00e9cole du Lido, Centre des Arts du Cirque de Toulouse<\/em> &#8211; France, o\u00f9 il s&rsquo;est sp\u00e9cialis\u00e9 avec Marina en duo acrobatique. Avec <em>Cie Del\u00e1 Prak\u00e1<\/em>, il a parcouru le monde en animant des ateliers Acrodan\u00e7a et avec le spectacle <em>\u00abNois Um\u00bb<\/em>, pr\u00e9sent\u00e9 dans plus de 14 pays.<\/p>\n<p>[\/vc_column_text][\/vc_column][vc_column width=\u00a0\u00bb1\/4&Prime;][vc_column_text]<\/p>\n<h2>MARINA COLLARES<\/h2>\n<p style=\"font-size: 13px;\">Elle a \u00e9t\u00e9 danseuse depuis toute petite. Elle a commenc\u00e9 par le ballet classique, dipl\u00f4m\u00e9e en danse contemporaine \u00e0 <em>Facult\u00e9 Angel Vianna<\/em>. Enchant\u00e9e par le cirque, elle int\u00e8gre <em>l\u2019Escola Nacional de Circo<\/em> (Rio de Janeiro &#8211; BRA). En partenariat avec Ronan Lima, elle d\u00e9veloppe ses recherches en acrobatie et en duo acrobatique. Elle \u00e9tude aussi dans <em>l&rsquo;AREA Spai de Dansa i Creaci\u00f3<\/em> et dans <em>l&rsquo;\u00e9cole internationale de mime corporel dramatique MOVEO<\/em> (Barcelone-Espa\u00f1a. En France, elle int\u00e8gre la formation du <em>Lido, Centre des Arts du Cirque de Toulouse<\/em>. Avec <em>Cie Del\u00e1 Prak\u00e1<\/em>, elle fait plusiers tourn\u00e9es par des festivals internationaux.<\/p>\n<p>[\/vc_column_text][\/vc_column][vc_column width=\u00a0\u00bb1\/4&Prime;][vc_column_text]<\/p>\n<h2>EDGAR RAMOS<\/h2>\n<p style=\"font-size: 13px;\">En 2007 il a commenc\u00e9 avec le cirque. Il a assist\u00e9 \u00e0 la <em>Formation du Cirque &#8211; PROFAC<\/em>, \u00e0 l<em>&lsquo;\u00e9cole Crescer e Viver<\/em>, o\u00f9 il a commenc\u00e9 le m\u00e2t chinois, et la formation de <em>l&rsquo;\u00e9cole Angel Vianna<\/em>, dans la formation \u201cdanseur contemporain. Il a int\u00e8gr\u00e9e la <em>Cie Intr\u00e9pida Trupe<\/em> (Br\u00e8sil) du 2012 a 2014.<\/p>\n<p style=\"font-size: 13px;\">Sa recherche de mouvement sur le m\u00e2t chinois l&rsquo;am\u00e8ne plus tard \u00e0 se sp\u00e9cialiser \u00e0 l&rsquo;\u00e9cole du <em>Lido, Centre des Arts du Cirque de Toulouse<\/em> &#8211; France.<\/p>\n<p>[\/vc_column_text][\/vc_column][\/vc_row]<\/p>\n<\/div>","protected":false},"excerpt":{"rendered":"[vc_row][vc_column width=\u00a0\u00bb1\/1&Prime;][vc_column_text uncode_shortcode_id=\u00a0\u00bb119042&Prime;] Cia Del\u00e1 Prak\u00e1 La compagnie est n\u00e9e en 2007 \u00e0 Rio de Janeiro de la rencontre de [&hellip;]","protected":false},"author":1,"featured_media":0,"parent":0,"menu_order":0,"comment_status":"closed","ping_status":"closed","template":"","meta":{"footnotes":""},"class_list":["post-632","page","type-page","status-publish","hentry"],"yoast_head":"<!-- This site is optimized with the Yoast SEO plugin v25.6 - https:\/\/yoast.com\/wordpress\/plugins\/seo\/ -->\n<title>a propos de nous - Cia Dela Praka<\/title>\n<meta name=\"robots\" content=\"index, follow, max-snippet:-1, max-image-preview:large, max-video-preview:-1\" \/>\n<link rel=\"canonical\" href=\"https:\/\/ciadelapraka.com\/fr\/a-propos-de-nous\/\" \/>\n<meta property=\"og:locale\" content=\"fr_FR\" \/>\n<meta property=\"og:type\" content=\"article\" \/>\n<meta property=\"og:title\" content=\"a propos de nous - Cia Dela Praka\" \/>\n<meta property=\"og:description\" content=\"[vc_row][vc_column width=\u00a0\u00bb1\/1&Prime;][vc_column_text uncode_shortcode_id=\u00a0\u00bb119042&Prime;] Cia Del\u00e1 Prak\u00e1 La compagnie est n\u00e9e en 2007 \u00e0 Rio de Janeiro de la rencontre de [&hellip;]\" \/>\n<meta property=\"og:url\" content=\"https:\/\/ciadelapraka.com\/fr\/a-propos-de-nous\/\" \/>\n<meta property=\"og:site_name\" content=\"Cia Dela Praka\" \/>\n<meta property=\"article:modified_time\" content=\"2023-04-21T13:25:53+00:00\" \/>\n<meta name=\"twitter:card\" content=\"summary_large_image\" \/>\n<meta name=\"twitter:label1\" content=\"Dur\u00e9e de lecture estim\u00e9e\" \/>\n\t<meta name=\"twitter:data1\" content=\"4 minutes\" \/>\n<script type=\"application\/ld+json\" class=\"yoast-schema-graph\">{\"@context\":\"https:\/\/schema.org\",\"@graph\":[{\"@type\":\"WebPage\",\"@id\":\"https:\/\/ciadelapraka.com\/fr\/a-propos-de-nous\/\",\"url\":\"https:\/\/ciadelapraka.com\/fr\/a-propos-de-nous\/\",\"name\":\"a propos de nous - Cia Dela Praka\",\"isPartOf\":{\"@id\":\"https:\/\/ciadelapraka.com\/fr\/#website\"},\"datePublished\":\"2019-08-20T10:51:28+00:00\",\"dateModified\":\"2023-04-21T13:25:53+00:00\",\"breadcrumb\":{\"@id\":\"https:\/\/ciadelapraka.com\/fr\/a-propos-de-nous\/#breadcrumb\"},\"inLanguage\":\"fr-FR\",\"potentialAction\":[{\"@type\":\"ReadAction\",\"target\":[\"https:\/\/ciadelapraka.com\/fr\/a-propos-de-nous\/\"]}]},{\"@type\":\"BreadcrumbList\",\"@id\":\"https:\/\/ciadelapraka.com\/fr\/a-propos-de-nous\/#breadcrumb\",\"itemListElement\":[{\"@type\":\"ListItem\",\"position\":1,\"name\":\"Home\",\"item\":\"https:\/\/ciadelapraka.com\/fr\/\"},{\"@type\":\"ListItem\",\"position\":2,\"name\":\"a propos de nous\"}]},{\"@type\":\"WebSite\",\"@id\":\"https:\/\/ciadelapraka.com\/fr\/#website\",\"url\":\"https:\/\/ciadelapraka.com\/fr\/\",\"name\":\"Cia Dela Praka\",\"description\":\"Circus &amp; Dance Company\",\"potentialAction\":[{\"@type\":\"SearchAction\",\"target\":{\"@type\":\"EntryPoint\",\"urlTemplate\":\"https:\/\/ciadelapraka.com\/fr\/?s={search_term_string}\"},\"query-input\":{\"@type\":\"PropertyValueSpecification\",\"valueRequired\":true,\"valueName\":\"search_term_string\"}}],\"inLanguage\":\"fr-FR\"}]}<\/script>\n<!-- \/ Yoast SEO plugin. -->","yoast_head_json":{"title":"a propos de nous - Cia Dela Praka","robots":{"index":"index","follow":"follow","max-snippet":"max-snippet:-1","max-image-preview":"max-image-preview:large","max-video-preview":"max-video-preview:-1"},"canonical":"https:\/\/ciadelapraka.com\/fr\/a-propos-de-nous\/","og_locale":"fr_FR","og_type":"article","og_title":"a propos de nous - Cia Dela Praka","og_description":"[vc_row][vc_column width=\u00a0\u00bb1\/1&Prime;][vc_column_text uncode_shortcode_id=\u00a0\u00bb119042&Prime;] Cia Del\u00e1 Prak\u00e1 La compagnie est n\u00e9e en 2007 \u00e0 Rio de Janeiro de la rencontre de [&hellip;]","og_url":"https:\/\/ciadelapraka.com\/fr\/a-propos-de-nous\/","og_site_name":"Cia Dela Praka","article_modified_time":"2023-04-21T13:25:53+00:00","twitter_card":"summary_large_image","twitter_misc":{"Dur\u00e9e de lecture estim\u00e9e":"4 minutes"},"schema":{"@context":"https:\/\/schema.org","@graph":[{"@type":"WebPage","@id":"https:\/\/ciadelapraka.com\/fr\/a-propos-de-nous\/","url":"https:\/\/ciadelapraka.com\/fr\/a-propos-de-nous\/","name":"a propos de nous - Cia Dela Praka","isPartOf":{"@id":"https:\/\/ciadelapraka.com\/fr\/#website"},"datePublished":"2019-08-20T10:51:28+00:00","dateModified":"2023-04-21T13:25:53+00:00","breadcrumb":{"@id":"https:\/\/ciadelapraka.com\/fr\/a-propos-de-nous\/#breadcrumb"},"inLanguage":"fr-FR","potentialAction":[{"@type":"ReadAction","target":["https:\/\/ciadelapraka.com\/fr\/a-propos-de-nous\/"]}]},{"@type":"BreadcrumbList","@id":"https:\/\/ciadelapraka.com\/fr\/a-propos-de-nous\/#breadcrumb","itemListElement":[{"@type":"ListItem","position":1,"name":"Home","item":"https:\/\/ciadelapraka.com\/fr\/"},{"@type":"ListItem","position":2,"name":"a propos de nous"}]},{"@type":"WebSite","@id":"https:\/\/ciadelapraka.com\/fr\/#website","url":"https:\/\/ciadelapraka.com\/fr\/","name":"Cia Dela Praka","description":"Circus &amp; Dance Company","potentialAction":[{"@type":"SearchAction","target":{"@type":"EntryPoint","urlTemplate":"https:\/\/ciadelapraka.com\/fr\/?s={search_term_string}"},"query-input":{"@type":"PropertyValueSpecification","valueRequired":true,"valueName":"search_term_string"}}],"inLanguage":"fr-FR"}]}},"_links":{"self":[{"href":"https:\/\/ciadelapraka.com\/fr\/wp-json\/wp\/v2\/pages\/632","targetHints":{"allow":["GET"]}}],"collection":[{"href":"https:\/\/ciadelapraka.com\/fr\/wp-json\/wp\/v2\/pages"}],"about":[{"href":"https:\/\/ciadelapraka.com\/fr\/wp-json\/wp\/v2\/types\/page"}],"author":[{"embeddable":true,"href":"https:\/\/ciadelapraka.com\/fr\/wp-json\/wp\/v2\/users\/1"}],"replies":[{"embeddable":true,"href":"https:\/\/ciadelapraka.com\/fr\/wp-json\/wp\/v2\/comments?post=632"}],"version-history":[{"count":10,"href":"https:\/\/ciadelapraka.com\/fr\/wp-json\/wp\/v2\/pages\/632\/revisions"}],"predecessor-version":[{"id":3685,"href":"https:\/\/ciadelapraka.com\/fr\/wp-json\/wp\/v2\/pages\/632\/revisions\/3685"}],"wp:attachment":[{"href":"https:\/\/ciadelapraka.com\/fr\/wp-json\/wp\/v2\/media?parent=632"}],"curies":[{"name":"wp","href":"https:\/\/api.w.org\/{rel}","templated":true}]}}