{"id":1046,"date":"2020-07-09T14:56:22","date_gmt":"2020-07-09T14:56:22","guid":{"rendered":"https:\/\/ciadelapraka.com\/atelier-acro-dance\/"},"modified":"2020-07-10T17:19:53","modified_gmt":"2020-07-10T17:19:53","slug":"atelier-acro-dance","status":"publish","type":"page","link":"https:\/\/ciadelapraka.com\/fr\/atelier-acro-dance\/","title":{"rendered":"Atelier ACRO-DANCE"},"content":{"rendered":"<div class=\"wpb-content-wrapper\">[vc_row row_height_percent=\u00a0\u00bb0&Prime; override_padding=\u00a0\u00bbyes\u00a0\u00bb h_padding=\u00a0\u00bb2&Prime; top_padding=\u00a0\u00bb4&Prime; bottom_padding=\u00a0\u00bb4&Prime; overlay_alpha=\u00a0\u00bb50&Prime; gutter_size=\u00a0\u00bb3&Prime; column_width_percent=\u00a0\u00bb100&Prime; shift_y=\u00a0\u00bb0&Prime; z_index=\u00a0\u00bb0&Prime;][vc_column width=\u00a0\u00bb1\/1&Prime;][vc_column_text]\r\n<h1>Atelier ACRO-DANCE<\/h1>\r\n<div>Dans ce cour, nous \u00e9tudierons les diff\u00e9rentes possibilit\u00e9s de fusionner la danse contemporaine avec l&rsquo;acrobatie, en recherchant des liens fluides, en minimisant l&rsquo;effort et en utilisant le flux naturel du mouvement organique. Nous explorerons avec les corps en s&rsquo;adaptant au niveau technique de chaque \u00e9tudiant. Nous fournirons des outils de recherche de mouvement et des bases techniques pour amener \u00e0 une autonomie de travail et de cr\u00e9ation.<\/div>\r\n<h2>Nous utiliserons les techniques de:<\/h2>\r\n<div>Danse contemporaine, capoeira, acrobatie et improvisation.<\/div>\r\n<h3><b>Objectifs:<\/b><\/h3>\r\n<div>\r\n<ul>\r\n \t<li>Apprendre \u00e0 entrer et \u00e0 sortir d&rsquo;un mouvement acrobatique de mani\u00e8re fluide.<\/li>\r\n \t<li>Explorer le transfert de poids en utilisant diff\u00e9rentes parties du corps comme appui.<\/li>\r\n \t<li>Minimiser l&rsquo;effort en recyclant l&rsquo;\u00e9nergie g\u00e9n\u00e9r\u00e9e par le mouvement pr\u00e9c\u00e9dent en d\u00e9veloppant des liens fluides.<\/li>\r\n \t<li>\u00c9veiller le centre (r\u00e9gion abdominale) et l&rsquo;utiliser comme moteur du mouvement.<\/li>\r\n \t<li>D\u00e9velopper une contact en douceur avec le sol.<\/li>\r\n \t<li>Chercher les potentialit\u00e9s du corps de fa\u00e7on cr\u00e9ative.<\/li>\r\n<\/ul>\r\n<\/div>\r\n<h4><b>Autres ateliers:<\/b><\/h4>\r\n<ul>\r\n \t<li dir=\"ltr\">Main \u00e0 Main.<\/li>\r\n \t<li>Capoeira Angola.<\/li>\r\n \t<li>M\u00e2t Chinois.<\/li>\r\n \t<li>Cr\u00e9ation avec des agr\u00e8s a\u00e9riens.<\/li>\r\n \t<li>Danse contemporaine.<\/li>\r\n<\/ul>\r\n[\/vc_column_text][\/vc_column][\/vc_row]<\/div>","protected":false},"excerpt":{"rendered":"[vc_row row_height_percent=\u00a0\u00bb0&Prime; override_padding=\u00a0\u00bbyes\u00a0\u00bb h_padding=\u00a0\u00bb2&Prime; top_padding=\u00a0\u00bb4&Prime; bottom_padding=\u00a0\u00bb4&Prime; overlay_alpha=\u00a0\u00bb50&Prime; gutter_size=\u00a0\u00bb3&Prime; column_width_percent=\u00a0\u00bb100&Prime; shift_y=\u00a0\u00bb0&Prime; z_index=\u00a0\u00bb0&Prime;][vc_column width=\u00a0\u00bb1\/1&Prime;][vc_column_text] Atelier ACRO-DANCE Dans ce cour, nous \u00e9tudierons les [&hellip;]","protected":false},"author":1,"featured_media":0,"parent":0,"menu_order":0,"comment_status":"closed","ping_status":"closed","template":"","meta":{"footnotes":""},"class_list":["post-1046","page","type-page","status-publish","hentry"],"yoast_head":"<!-- This site is optimized with the Yoast SEO plugin v25.6 - https:\/\/yoast.com\/wordpress\/plugins\/seo\/ -->\n<title>Atelier ACRO-DANCE - Cia Dela Praka<\/title>\n<meta name=\"robots\" content=\"index, follow, max-snippet:-1, max-image-preview:large, max-video-preview:-1\" \/>\n<link rel=\"canonical\" href=\"https:\/\/ciadelapraka.com\/fr\/atelier-acro-dance\/\" \/>\n<meta property=\"og:locale\" content=\"fr_FR\" \/>\n<meta property=\"og:type\" content=\"article\" \/>\n<meta property=\"og:title\" content=\"Atelier ACRO-DANCE - Cia Dela Praka\" \/>\n<meta property=\"og:description\" content=\"[vc_row row_height_percent=\u00a0\u00bb0&Prime; override_padding=\u00a0\u00bbyes\u00a0\u00bb h_padding=\u00a0\u00bb2&Prime; top_padding=\u00a0\u00bb4&Prime; bottom_padding=\u00a0\u00bb4&Prime; overlay_alpha=\u00a0\u00bb50&Prime; gutter_size=\u00a0\u00bb3&Prime; column_width_percent=\u00a0\u00bb100&Prime; shift_y=\u00a0\u00bb0&Prime; z_index=\u00a0\u00bb0&Prime;][vc_column width=\u00a0\u00bb1\/1&Prime;][vc_column_text] Atelier ACRO-DANCE Dans ce cour, nous \u00e9tudierons les [&hellip;]\" \/>\n<meta property=\"og:url\" content=\"https:\/\/ciadelapraka.com\/fr\/atelier-acro-dance\/\" \/>\n<meta property=\"og:site_name\" content=\"Cia Dela Praka\" \/>\n<meta property=\"article:modified_time\" content=\"2020-07-10T17:19:53+00:00\" \/>\n<meta name=\"twitter:card\" content=\"summary_large_image\" \/>\n<meta name=\"twitter:label1\" content=\"Dur\u00e9e de lecture estim\u00e9e\" \/>\n\t<meta name=\"twitter:data1\" content=\"1 minute\" \/>\n<script type=\"application\/ld+json\" class=\"yoast-schema-graph\">{\"@context\":\"https:\/\/schema.org\",\"@graph\":[{\"@type\":\"WebPage\",\"@id\":\"https:\/\/ciadelapraka.com\/fr\/atelier-acro-dance\/\",\"url\":\"https:\/\/ciadelapraka.com\/fr\/atelier-acro-dance\/\",\"name\":\"Atelier ACRO-DANCE - Cia Dela Praka\",\"isPartOf\":{\"@id\":\"https:\/\/ciadelapraka.com\/fr\/#website\"},\"datePublished\":\"2020-07-09T14:56:22+00:00\",\"dateModified\":\"2020-07-10T17:19:53+00:00\",\"breadcrumb\":{\"@id\":\"https:\/\/ciadelapraka.com\/fr\/atelier-acro-dance\/#breadcrumb\"},\"inLanguage\":\"fr-FR\",\"potentialAction\":[{\"@type\":\"ReadAction\",\"target\":[\"https:\/\/ciadelapraka.com\/fr\/atelier-acro-dance\/\"]}]},{\"@type\":\"BreadcrumbList\",\"@id\":\"https:\/\/ciadelapraka.com\/fr\/atelier-acro-dance\/#breadcrumb\",\"itemListElement\":[{\"@type\":\"ListItem\",\"position\":1,\"name\":\"Home\",\"item\":\"https:\/\/ciadelapraka.com\/fr\/\"},{\"@type\":\"ListItem\",\"position\":2,\"name\":\"Atelier ACRO-DANCE\"}]},{\"@type\":\"WebSite\",\"@id\":\"https:\/\/ciadelapraka.com\/fr\/#website\",\"url\":\"https:\/\/ciadelapraka.com\/fr\/\",\"name\":\"Cia Dela Praka\",\"description\":\"Circus &amp; Dance Company\",\"potentialAction\":[{\"@type\":\"SearchAction\",\"target\":{\"@type\":\"EntryPoint\",\"urlTemplate\":\"https:\/\/ciadelapraka.com\/fr\/?s={search_term_string}\"},\"query-input\":{\"@type\":\"PropertyValueSpecification\",\"valueRequired\":true,\"valueName\":\"search_term_string\"}}],\"inLanguage\":\"fr-FR\"}]}<\/script>\n<!-- \/ Yoast SEO plugin. -->","yoast_head_json":{"title":"Atelier ACRO-DANCE - Cia Dela Praka","robots":{"index":"index","follow":"follow","max-snippet":"max-snippet:-1","max-image-preview":"max-image-preview:large","max-video-preview":"max-video-preview:-1"},"canonical":"https:\/\/ciadelapraka.com\/fr\/atelier-acro-dance\/","og_locale":"fr_FR","og_type":"article","og_title":"Atelier ACRO-DANCE - Cia Dela Praka","og_description":"[vc_row row_height_percent=\u00a0\u00bb0&Prime; override_padding=\u00a0\u00bbyes\u00a0\u00bb h_padding=\u00a0\u00bb2&Prime; top_padding=\u00a0\u00bb4&Prime; bottom_padding=\u00a0\u00bb4&Prime; overlay_alpha=\u00a0\u00bb50&Prime; gutter_size=\u00a0\u00bb3&Prime; column_width_percent=\u00a0\u00bb100&Prime; shift_y=\u00a0\u00bb0&Prime; z_index=\u00a0\u00bb0&Prime;][vc_column width=\u00a0\u00bb1\/1&Prime;][vc_column_text] Atelier ACRO-DANCE Dans ce cour, nous \u00e9tudierons les [&hellip;]","og_url":"https:\/\/ciadelapraka.com\/fr\/atelier-acro-dance\/","og_site_name":"Cia Dela Praka","article_modified_time":"2020-07-10T17:19:53+00:00","twitter_card":"summary_large_image","twitter_misc":{"Dur\u00e9e de lecture estim\u00e9e":"1 minute"},"schema":{"@context":"https:\/\/schema.org","@graph":[{"@type":"WebPage","@id":"https:\/\/ciadelapraka.com\/fr\/atelier-acro-dance\/","url":"https:\/\/ciadelapraka.com\/fr\/atelier-acro-dance\/","name":"Atelier ACRO-DANCE - Cia Dela Praka","isPartOf":{"@id":"https:\/\/ciadelapraka.com\/fr\/#website"},"datePublished":"2020-07-09T14:56:22+00:00","dateModified":"2020-07-10T17:19:53+00:00","breadcrumb":{"@id":"https:\/\/ciadelapraka.com\/fr\/atelier-acro-dance\/#breadcrumb"},"inLanguage":"fr-FR","potentialAction":[{"@type":"ReadAction","target":["https:\/\/ciadelapraka.com\/fr\/atelier-acro-dance\/"]}]},{"@type":"BreadcrumbList","@id":"https:\/\/ciadelapraka.com\/fr\/atelier-acro-dance\/#breadcrumb","itemListElement":[{"@type":"ListItem","position":1,"name":"Home","item":"https:\/\/ciadelapraka.com\/fr\/"},{"@type":"ListItem","position":2,"name":"Atelier ACRO-DANCE"}]},{"@type":"WebSite","@id":"https:\/\/ciadelapraka.com\/fr\/#website","url":"https:\/\/ciadelapraka.com\/fr\/","name":"Cia Dela Praka","description":"Circus &amp; Dance Company","potentialAction":[{"@type":"SearchAction","target":{"@type":"EntryPoint","urlTemplate":"https:\/\/ciadelapraka.com\/fr\/?s={search_term_string}"},"query-input":{"@type":"PropertyValueSpecification","valueRequired":true,"valueName":"search_term_string"}}],"inLanguage":"fr-FR"}]}},"_links":{"self":[{"href":"https:\/\/ciadelapraka.com\/fr\/wp-json\/wp\/v2\/pages\/1046","targetHints":{"allow":["GET"]}}],"collection":[{"href":"https:\/\/ciadelapraka.com\/fr\/wp-json\/wp\/v2\/pages"}],"about":[{"href":"https:\/\/ciadelapraka.com\/fr\/wp-json\/wp\/v2\/types\/page"}],"author":[{"embeddable":true,"href":"https:\/\/ciadelapraka.com\/fr\/wp-json\/wp\/v2\/users\/1"}],"replies":[{"embeddable":true,"href":"https:\/\/ciadelapraka.com\/fr\/wp-json\/wp\/v2\/comments?post=1046"}],"version-history":[{"count":4,"href":"https:\/\/ciadelapraka.com\/fr\/wp-json\/wp\/v2\/pages\/1046\/revisions"}],"predecessor-version":[{"id":1212,"href":"https:\/\/ciadelapraka.com\/fr\/wp-json\/wp\/v2\/pages\/1046\/revisions\/1212"}],"wp:attachment":[{"href":"https:\/\/ciadelapraka.com\/fr\/wp-json\/wp\/v2\/media?parent=1046"}],"curies":[{"name":"wp","href":"https:\/\/api.w.org\/{rel}","templated":true}]}}