{"id":620,"date":"2019-08-20T10:51:28","date_gmt":"2019-08-20T10:51:28","guid":{"rendered":"https:\/\/ciadelapraka.com\/about-us\/"},"modified":"2023-04-21T13:34:49","modified_gmt":"2023-04-21T13:34:49","slug":"sobre-nosotros","status":"publish","type":"page","link":"https:\/\/ciadelapraka.com\/es\/sobre-nosotros\/","title":{"rendered":"sobre nosotros"},"content":{"rendered":"<div class=\"wpb-content-wrapper\">[vc_row][vc_column width=\u00bb1\/1&#8243;][vc_column_text uncode_shortcode_id=\u00bb172875&#8243;]\n<h1>Cia Del\u00e1 Prak\u00e1<\/h1>\n<p>La compa\u00f1\u00eda naci\u00f3 en 2007 en R\u00edo de Janeiro del encuentro de tres artistas (Marina Collares, Ronan Lima y Julia Franca) que estudiaron en la Escola Nacional de Circo &#8211; RJ, interesados en desconstruir la est\u00e9tica tradicional del circo a trav\u00e9s de la danza contempor\u00e1nea. Crearon algunos n\u00fameros como: \u00abClaveando\u00bb, \u00abJango\u00bb, \u00abJunto\u00bb y \u00abSen-tido\u00bb utilizando principalmente el malabarismo y la danza como lenguaje.<\/p>\n<p>En 2009 Ronan Lima y Marina Collares viajan a Europa y crean el espect\u00e1culo \u00abEntre\u00e2mbicos\u00bb present\u00e1ndose en festivales de Francia y Espa\u00f1a y organizan su primera gira independiente de circo social por \u00c1frica (Mali y Guinea Conakry).<\/p>\n<p>En 2011 se instalan en Barcelona y realizan una creaci\u00f3n \u00abNois um\u00bb, un espect\u00e1culo de Danza y Circo con m\u00fasica en directo, que utiliza t\u00e9cnicas de mano a mano, Acro-Danza y malabares (contact ball). Con esta obra la Cia gan\u00f3 el mundo actuando en m\u00e1s de 14 pa\u00edses y realiz\u00f3 alrededor de 400 actuaciones en Festivales de Street Art, Circo y Danza en Europa y Am\u00e9rica Latina.<\/p>\n<p>En 2012 Marina y Ronan comienzan su formaci\u00f3n en Le Lido &#8211; \u00e9cole des Arts du Cirque de Toulouse &#8211; Francia. En 2015 desarrollan con Cl\u00e1udio Mart\u00ednez el proyecto \u00abUEIA\u00bb por el programa de Inserci\u00f3n Profesional de la escuela.<\/p>\n<p>En 2017 invitan a Edgar Ramos y Diana Bloch para la creaci\u00f3n de su actual espect\u00e1culo \u00abMaiador\u00bb (Circo, Danza y Cultura Popular), estrenando en 2019 actuando en Europa (Alemania, Italia, Francia, B\u00e9lgica, Holanda, Austria, Luxemburgo, Espa\u00f1a, Suiza) y en Brasil (Minas Gerais, R\u00edo de Janeiro, Bah\u00eda y S\u00e3o Paulo).<\/p>\n<p>Cia Del\u00e1 Prak\u00e1 desarrolla su propio lenguaje a partir de la danza, la acrobacia, el mano a mano com una fuerte influencia de la Capoeira Angola.<\/p>\n<p>Actualmente est\u00e1n de gira y desarrollando una nueva creaci\u00f3n de un espect\u00e1culo llamado \u00abBalaio\u00bb cuyo estreno est\u00e1 previsto para octubre de 2024.[\/vc_column_text][\/vc_column][\/vc_row][vc_row row_height_percent=\u00bb0&#8243; overlay_alpha=\u00bb50&#8243; gutter_size=\u00bb3&#8243; column_width_percent=\u00bb100&#8243; shift_y=\u00bb0&#8243; z_index=\u00bb0&#8243;][vc_column width=\u00bb1\/4&#8243;][vc_column_text]<\/p>\n<h2>DIANA BLOCH<\/h2>\n<p style=\"font-size: 13px;\">Comenz\u00f3 el circo en 2004 en Brasilia. Integra a la compa\u00f1\u00eda <em>Intr\u00e9pida Trupe<\/em> (Brasil) como int\u00e9rprete y asistente de direcci\u00f3n y la <em>Cia Sarabanda<\/em> (Italia) como int\u00e9rprete. Se gradu\u00f3 en el curso t\u00e9cnico de Bailar\u00edn Contempor\u00e1neo en la <em>Escuela Angel Vianna<\/em> en 2014. Durante este curso conoce a Edgar Ramos, con quien crea el <em>Colectivo Circense N\u00f3 de Gravata<\/em>. Durante el 2016, asisti\u00f3 a la Formaci\u00f3n Profesional en Teatro <em>\u00abVers um acteur pluriel\u00bb<\/em> en <em>Le Ring<\/em> (Toulouse, Francia). Hoy forma parte del elenco de <em>\u00abMaiador\u00bb<\/em> de <em>Cia Del\u00e1 Prak\u00e1<\/em> (BRA-FR).<\/p>\n<p>[\/vc_column_text][\/vc_column][vc_column width=\u00bb1\/4&#8243;][vc_column_text]<\/p>\n<h2>RONAN LIMA<\/h2>\n<p style=\"font-size: 13px;\">Comenz\u00f3 la capoeira acrob\u00e1tica y la danza contempor\u00e1nea cuando era ni\u00f1o. En 2006 se gradu\u00f3 en Educaci\u00f3n F\u00edsica. Durante sus estudios en la <em>Escuela Nacional de Circo<\/em> (R\u00edo de Janeiro &#8211; Brasil), conoci\u00f3 a Marina Collares, con quien cre\u00f3 la <em>Cia. Del\u00e1 Prak\u00e1<\/em> y el espect\u00e1culo <em>\u00abNois Um\u00bb<\/em>. Estudi\u00f3 en <em>AREA Spai de Dansa i Creaci\u00f3<\/em> (Barcelona &#8211; Espa\u00f1a) y luego en <em>Le Lido, Centre des Arts du Cirque<\/em> (Toulouse, Francia), donde se especializ\u00f3 con Marina en d\u00fao acrob\u00e1tico. Con la <em>Cia Del\u00e1 Prak\u00e1<\/em>, girar por el mundo impartiendo talleres y actuando en m\u00e1s de 14 pa\u00edses.<\/p>\n<p>[\/vc_column_text][\/vc_column][vc_column width=\u00bb1\/4&#8243;][vc_column_text]<\/p>\n<h2>MARINA COLLARES<\/h2>\n<p style=\"font-size: 13px;\">Ha sido bailarina desde que era peque\u00f1a. Comenz\u00f3 con el ballet cl\u00e1sico y se gradu\u00f3 en danza contempor\u00e1nea en la <em>\u00abFaculdade Angel Vianna\u00bb<\/em>. Estudio en <em>Escuela Nacional de Circo<\/em> (Rio de Janeiro, Brasil). En colaboraci\u00f3n con Ronan Lima, desarrolla su investigaci\u00f3n en acrobacia y d\u00fao acrob\u00e1tico. Estudi\u00f3 en <em>AREA Spai de Dansa i Creaci\u00f3 y en MOVEO Escuela Internacional de Mimo Corporal Dram\u00e1tico<\/em> (Barcelona, Espa\u00f1a) para luego integrar la formaci\u00f3n en <em>Le Lido, Centre des Arts du Cirque<\/em> (Toulouse, Francia). Con las creaciones de la <em>Cia Del\u00e1 Prak\u00e1<\/em>, recorre festivales internacionales desde el 2011 hasta hoy en d\u00eda.<\/p>\n<p>[\/vc_column_text][\/vc_column][vc_column width=\u00bb1\/4&#8243;][vc_column_text]<\/p>\n<h2>EDGAR RAMOS<\/h2>\n<p style=\"font-size: 13px;\">En el 2007 comenz\u00f3 a tomar clases de circo en <em>Circo-lo de Cria\u00e7\u00e3o<\/em>. Sigue su formaci\u00f3n en la escuela <em>Crescer e Viver<\/em>. Form\u00f3 parte del elenco de la <em>Cia. Intr\u00e9pida Trupe<\/em> desde el 2012 hasta el 2014. Durante el mismo per\u00edodo, integr\u00f3 la formaci\u00f3n de Bailar\u00edn Contempor\u00e1neo en la <em>Escuela Angel Vianna<\/em>. Se gradu\u00f3 en la especialidad de palo chino en 2016 en <em>Le Lido, Centre des Arts du Cirque<\/em> (Toulouse, Francia). Es durante la formaci\u00f3n en Toulouse que se encuentra con Marina, Ronan y Diana, con quienes deciden crear el espect\u00e1culo <em>\u201cMaiador\u201d<\/em> de la <em>Cia. Del\u00e1 Prak\u00e1<\/em>.<\/p>\n<p>[\/vc_column_text][\/vc_column][\/vc_row]<\/p>\n<\/div>","protected":false},"excerpt":{"rendered":"[vc_row][vc_column width=\u00bb1\/1&#8243;][vc_column_text uncode_shortcode_id=\u00bb172875&#8243;] Cia Del\u00e1 Prak\u00e1 La compa\u00f1\u00eda naci\u00f3 en 2007 en R\u00edo de Janeiro del encuentro de tres artistas [&hellip;]","protected":false},"author":1,"featured_media":0,"parent":0,"menu_order":0,"comment_status":"closed","ping_status":"closed","template":"","meta":{"footnotes":""},"class_list":["post-620","page","type-page","status-publish","hentry"],"yoast_head":"<!-- This site is optimized with the Yoast SEO plugin v25.6 - https:\/\/yoast.com\/wordpress\/plugins\/seo\/ -->\n<title>sobre nosotros - Cia Dela Praka<\/title>\n<meta name=\"robots\" content=\"index, follow, max-snippet:-1, max-image-preview:large, max-video-preview:-1\" \/>\n<link rel=\"canonical\" href=\"https:\/\/ciadelapraka.com\/es\/sobre-nosotros\/\" \/>\n<meta property=\"og:locale\" content=\"es_ES\" \/>\n<meta property=\"og:type\" content=\"article\" \/>\n<meta property=\"og:title\" content=\"sobre nosotros - Cia Dela Praka\" \/>\n<meta property=\"og:description\" content=\"[vc_row][vc_column width=\u00bb1\/1&#8243;][vc_column_text uncode_shortcode_id=\u00bb172875&#8243;] Cia Del\u00e1 Prak\u00e1 La compa\u00f1\u00eda naci\u00f3 en 2007 en R\u00edo de Janeiro del encuentro de tres artistas [&hellip;]\" \/>\n<meta property=\"og:url\" content=\"https:\/\/ciadelapraka.com\/es\/sobre-nosotros\/\" \/>\n<meta property=\"og:site_name\" content=\"Cia Dela Praka\" \/>\n<meta property=\"article:modified_time\" content=\"2023-04-21T13:34:49+00:00\" \/>\n<meta name=\"twitter:card\" content=\"summary_large_image\" \/>\n<meta name=\"twitter:label1\" content=\"Tiempo de lectura\" \/>\n\t<meta name=\"twitter:data1\" content=\"4 minutos\" \/>\n<script type=\"application\/ld+json\" class=\"yoast-schema-graph\">{\"@context\":\"https:\/\/schema.org\",\"@graph\":[{\"@type\":\"WebPage\",\"@id\":\"https:\/\/ciadelapraka.com\/es\/sobre-nosotros\/\",\"url\":\"https:\/\/ciadelapraka.com\/es\/sobre-nosotros\/\",\"name\":\"sobre nosotros - Cia Dela Praka\",\"isPartOf\":{\"@id\":\"https:\/\/ciadelapraka.com\/es\/#website\"},\"datePublished\":\"2019-08-20T10:51:28+00:00\",\"dateModified\":\"2023-04-21T13:34:49+00:00\",\"breadcrumb\":{\"@id\":\"https:\/\/ciadelapraka.com\/es\/sobre-nosotros\/#breadcrumb\"},\"inLanguage\":\"es\",\"potentialAction\":[{\"@type\":\"ReadAction\",\"target\":[\"https:\/\/ciadelapraka.com\/es\/sobre-nosotros\/\"]}]},{\"@type\":\"BreadcrumbList\",\"@id\":\"https:\/\/ciadelapraka.com\/es\/sobre-nosotros\/#breadcrumb\",\"itemListElement\":[{\"@type\":\"ListItem\",\"position\":1,\"name\":\"Home\",\"item\":\"https:\/\/ciadelapraka.com\/es\/\"},{\"@type\":\"ListItem\",\"position\":2,\"name\":\"sobre nosotros\"}]},{\"@type\":\"WebSite\",\"@id\":\"https:\/\/ciadelapraka.com\/es\/#website\",\"url\":\"https:\/\/ciadelapraka.com\/es\/\",\"name\":\"Cia Dela Praka\",\"description\":\"Circus &amp; Dance Company\",\"potentialAction\":[{\"@type\":\"SearchAction\",\"target\":{\"@type\":\"EntryPoint\",\"urlTemplate\":\"https:\/\/ciadelapraka.com\/es\/?s={search_term_string}\"},\"query-input\":{\"@type\":\"PropertyValueSpecification\",\"valueRequired\":true,\"valueName\":\"search_term_string\"}}],\"inLanguage\":\"es\"}]}<\/script>\n<!-- \/ Yoast SEO plugin. -->","yoast_head_json":{"title":"sobre nosotros - Cia Dela Praka","robots":{"index":"index","follow":"follow","max-snippet":"max-snippet:-1","max-image-preview":"max-image-preview:large","max-video-preview":"max-video-preview:-1"},"canonical":"https:\/\/ciadelapraka.com\/es\/sobre-nosotros\/","og_locale":"es_ES","og_type":"article","og_title":"sobre nosotros - Cia Dela Praka","og_description":"[vc_row][vc_column width=\u00bb1\/1&#8243;][vc_column_text uncode_shortcode_id=\u00bb172875&#8243;] Cia Del\u00e1 Prak\u00e1 La compa\u00f1\u00eda naci\u00f3 en 2007 en R\u00edo de Janeiro del encuentro de tres artistas [&hellip;]","og_url":"https:\/\/ciadelapraka.com\/es\/sobre-nosotros\/","og_site_name":"Cia Dela Praka","article_modified_time":"2023-04-21T13:34:49+00:00","twitter_card":"summary_large_image","twitter_misc":{"Tiempo de lectura":"4 minutos"},"schema":{"@context":"https:\/\/schema.org","@graph":[{"@type":"WebPage","@id":"https:\/\/ciadelapraka.com\/es\/sobre-nosotros\/","url":"https:\/\/ciadelapraka.com\/es\/sobre-nosotros\/","name":"sobre nosotros - Cia Dela Praka","isPartOf":{"@id":"https:\/\/ciadelapraka.com\/es\/#website"},"datePublished":"2019-08-20T10:51:28+00:00","dateModified":"2023-04-21T13:34:49+00:00","breadcrumb":{"@id":"https:\/\/ciadelapraka.com\/es\/sobre-nosotros\/#breadcrumb"},"inLanguage":"es","potentialAction":[{"@type":"ReadAction","target":["https:\/\/ciadelapraka.com\/es\/sobre-nosotros\/"]}]},{"@type":"BreadcrumbList","@id":"https:\/\/ciadelapraka.com\/es\/sobre-nosotros\/#breadcrumb","itemListElement":[{"@type":"ListItem","position":1,"name":"Home","item":"https:\/\/ciadelapraka.com\/es\/"},{"@type":"ListItem","position":2,"name":"sobre nosotros"}]},{"@type":"WebSite","@id":"https:\/\/ciadelapraka.com\/es\/#website","url":"https:\/\/ciadelapraka.com\/es\/","name":"Cia Dela Praka","description":"Circus &amp; Dance Company","potentialAction":[{"@type":"SearchAction","target":{"@type":"EntryPoint","urlTemplate":"https:\/\/ciadelapraka.com\/es\/?s={search_term_string}"},"query-input":{"@type":"PropertyValueSpecification","valueRequired":true,"valueName":"search_term_string"}}],"inLanguage":"es"}]}},"_links":{"self":[{"href":"https:\/\/ciadelapraka.com\/es\/wp-json\/wp\/v2\/pages\/620","targetHints":{"allow":["GET"]}}],"collection":[{"href":"https:\/\/ciadelapraka.com\/es\/wp-json\/wp\/v2\/pages"}],"about":[{"href":"https:\/\/ciadelapraka.com\/es\/wp-json\/wp\/v2\/types\/page"}],"author":[{"embeddable":true,"href":"https:\/\/ciadelapraka.com\/es\/wp-json\/wp\/v2\/users\/1"}],"replies":[{"embeddable":true,"href":"https:\/\/ciadelapraka.com\/es\/wp-json\/wp\/v2\/comments?post=620"}],"version-history":[{"count":12,"href":"https:\/\/ciadelapraka.com\/es\/wp-json\/wp\/v2\/pages\/620\/revisions"}],"predecessor-version":[{"id":3690,"href":"https:\/\/ciadelapraka.com\/es\/wp-json\/wp\/v2\/pages\/620\/revisions\/3690"}],"wp:attachment":[{"href":"https:\/\/ciadelapraka.com\/es\/wp-json\/wp\/v2\/media?parent=620"}],"curies":[{"name":"wp","href":"https:\/\/api.w.org\/{rel}","templated":true}]}}