{"id":1041,"date":"2020-07-09T14:52:26","date_gmt":"2020-07-09T14:52:26","guid":{"rendered":"https:\/\/ciadelapraka.com\/taller-danza-acrobatica\/"},"modified":"2020-07-10T17:21:44","modified_gmt":"2020-07-10T17:21:44","slug":"taller-danza-acrobatica","status":"publish","type":"page","link":"https:\/\/ciadelapraka.com\/es\/taller-danza-acrobatica\/","title":{"rendered":"Taller Danza Acrobatica"},"content":{"rendered":"<div class=\"wpb-content-wrapper\">[vc_row row_height_percent=\u00bb0&#8243; override_padding=\u00bbyes\u00bb h_padding=\u00bb2&#8243; top_padding=\u00bb4&#8243; bottom_padding=\u00bb4&#8243; overlay_alpha=\u00bb50&#8243; gutter_size=\u00bb3&#8243; column_width_percent=\u00bb100&#8243; shift_y=\u00bb0&#8243; z_index=\u00bb0&#8243;][vc_column width=\u00bb1\/1&#8243;][vc_column_text]\r\n<h1>Taller Acro-Danza<\/h1>\r\nEn esta clase investigaremos las diferentes posibilidades de fusionar la danza contempor\u00e1nea con la acrobacia, buscando conexiones fluidas, minimizando el esfuerzo y aprovechando el flujo natural del movimiento de manera org\u00e1nica. Exploraremos los cuerpos adapt\u00e1ndonos al nivel t\u00e9cnico de cada alumno. Proporcionaremos herramientas de investigaci\u00f3n de movimiento y una base t\u00e9cnica, para crear autonom\u00eda dentro del entrenamiento y la investigaci\u00f3n personal.\r\n<h2>Utilizaremos las t\u00e9cnicas:<\/h2>\r\nDanza contempor\u00e1nea, capoeira, acrobacias e improvisaci\u00f3n.\r\n<h3>Objetivos:<\/h3>\r\n<ul>\r\n \t<li>Desarrollar ligereza y suavidad en el movimiento acrob\u00e1tico.<\/li>\r\n \t<li>Explorar la transferencia de peso utilizando diferentes partes del cuerpo como apoyo.<\/li>\r\n \t<li>Minimizar el esfuerzo, reciclando la energ\u00eda generada por el movimiento anterior, desarrollando conexiones fluidas.<\/li>\r\n \t<li>Despertar el centro (regi\u00f3n abdominal) y utilizarlo como motor de movimiento.<\/li>\r\n \t<li>Aprender a entrar y salir del suelo con suavidad.<\/li>\r\n \t<li>Buscar las potencialidades de los cuerpos de forma creativa.<\/li>\r\n<\/ul>\r\n<h4>Otros talleres:<\/h4>\r\n<ul>\r\n \t<li>Mano a Mano.<\/li>\r\n \t<li>Capoeira Angola.<\/li>\r\n \t<li>Palo chino.<\/li>\r\n \t<li>Creaci\u00f3n con aparatos a\u00e9reos.<\/li>\r\n \t<li>Danza contemporanea.<\/li>\r\n<\/ul>\r\n[\/vc_column_text][\/vc_column][\/vc_row]<\/div>","protected":false},"excerpt":{"rendered":"[vc_row row_height_percent=\u00bb0&#8243; override_padding=\u00bbyes\u00bb h_padding=\u00bb2&#8243; top_padding=\u00bb4&#8243; bottom_padding=\u00bb4&#8243; overlay_alpha=\u00bb50&#8243; gutter_size=\u00bb3&#8243; column_width_percent=\u00bb100&#8243; shift_y=\u00bb0&#8243; z_index=\u00bb0&#8243;][vc_column width=\u00bb1\/1&#8243;][vc_column_text] Taller Acro-Danza En esta clase investigaremos las diferentes [&hellip;]","protected":false},"author":1,"featured_media":0,"parent":0,"menu_order":0,"comment_status":"closed","ping_status":"closed","template":"","meta":{"footnotes":""},"class_list":["post-1041","page","type-page","status-publish","hentry"],"yoast_head":"<!-- This site is optimized with the Yoast SEO plugin v25.6 - https:\/\/yoast.com\/wordpress\/plugins\/seo\/ -->\n<title>Taller Danza Acrobatica - Cia Dela Praka<\/title>\n<meta name=\"robots\" content=\"index, follow, max-snippet:-1, max-image-preview:large, max-video-preview:-1\" \/>\n<link rel=\"canonical\" href=\"https:\/\/ciadelapraka.com\/es\/taller-danza-acrobatica\/\" \/>\n<meta property=\"og:locale\" content=\"es_ES\" \/>\n<meta property=\"og:type\" content=\"article\" \/>\n<meta property=\"og:title\" content=\"Taller Danza Acrobatica - Cia Dela Praka\" \/>\n<meta property=\"og:description\" content=\"[vc_row row_height_percent=\u00bb0&#8243; override_padding=\u00bbyes\u00bb h_padding=\u00bb2&#8243; top_padding=\u00bb4&#8243; bottom_padding=\u00bb4&#8243; overlay_alpha=\u00bb50&#8243; gutter_size=\u00bb3&#8243; column_width_percent=\u00bb100&#8243; shift_y=\u00bb0&#8243; z_index=\u00bb0&#8243;][vc_column width=\u00bb1\/1&#8243;][vc_column_text] Taller Acro-Danza En esta clase investigaremos las diferentes [&hellip;]\" \/>\n<meta property=\"og:url\" content=\"https:\/\/ciadelapraka.com\/es\/taller-danza-acrobatica\/\" \/>\n<meta property=\"og:site_name\" content=\"Cia Dela Praka\" \/>\n<meta property=\"article:modified_time\" content=\"2020-07-10T17:21:44+00:00\" \/>\n<meta name=\"twitter:card\" content=\"summary_large_image\" \/>\n<meta name=\"twitter:label1\" content=\"Tiempo de lectura\" \/>\n\t<meta name=\"twitter:data1\" content=\"1 minuto\" \/>\n<script type=\"application\/ld+json\" class=\"yoast-schema-graph\">{\"@context\":\"https:\/\/schema.org\",\"@graph\":[{\"@type\":\"WebPage\",\"@id\":\"https:\/\/ciadelapraka.com\/es\/taller-danza-acrobatica\/\",\"url\":\"https:\/\/ciadelapraka.com\/es\/taller-danza-acrobatica\/\",\"name\":\"Taller Danza Acrobatica - Cia Dela Praka\",\"isPartOf\":{\"@id\":\"https:\/\/ciadelapraka.com\/es\/#website\"},\"datePublished\":\"2020-07-09T14:52:26+00:00\",\"dateModified\":\"2020-07-10T17:21:44+00:00\",\"breadcrumb\":{\"@id\":\"https:\/\/ciadelapraka.com\/es\/taller-danza-acrobatica\/#breadcrumb\"},\"inLanguage\":\"es\",\"potentialAction\":[{\"@type\":\"ReadAction\",\"target\":[\"https:\/\/ciadelapraka.com\/es\/taller-danza-acrobatica\/\"]}]},{\"@type\":\"BreadcrumbList\",\"@id\":\"https:\/\/ciadelapraka.com\/es\/taller-danza-acrobatica\/#breadcrumb\",\"itemListElement\":[{\"@type\":\"ListItem\",\"position\":1,\"name\":\"Home\",\"item\":\"https:\/\/ciadelapraka.com\/es\/\"},{\"@type\":\"ListItem\",\"position\":2,\"name\":\"Taller Danza Acrobatica\"}]},{\"@type\":\"WebSite\",\"@id\":\"https:\/\/ciadelapraka.com\/es\/#website\",\"url\":\"https:\/\/ciadelapraka.com\/es\/\",\"name\":\"Cia Dela Praka\",\"description\":\"Circus &amp; Dance Company\",\"potentialAction\":[{\"@type\":\"SearchAction\",\"target\":{\"@type\":\"EntryPoint\",\"urlTemplate\":\"https:\/\/ciadelapraka.com\/es\/?s={search_term_string}\"},\"query-input\":{\"@type\":\"PropertyValueSpecification\",\"valueRequired\":true,\"valueName\":\"search_term_string\"}}],\"inLanguage\":\"es\"}]}<\/script>\n<!-- \/ Yoast SEO plugin. -->","yoast_head_json":{"title":"Taller Danza Acrobatica - Cia Dela Praka","robots":{"index":"index","follow":"follow","max-snippet":"max-snippet:-1","max-image-preview":"max-image-preview:large","max-video-preview":"max-video-preview:-1"},"canonical":"https:\/\/ciadelapraka.com\/es\/taller-danza-acrobatica\/","og_locale":"es_ES","og_type":"article","og_title":"Taller Danza Acrobatica - Cia Dela Praka","og_description":"[vc_row row_height_percent=\u00bb0&#8243; override_padding=\u00bbyes\u00bb h_padding=\u00bb2&#8243; top_padding=\u00bb4&#8243; bottom_padding=\u00bb4&#8243; overlay_alpha=\u00bb50&#8243; gutter_size=\u00bb3&#8243; column_width_percent=\u00bb100&#8243; shift_y=\u00bb0&#8243; z_index=\u00bb0&#8243;][vc_column width=\u00bb1\/1&#8243;][vc_column_text] Taller Acro-Danza En esta clase investigaremos las diferentes [&hellip;]","og_url":"https:\/\/ciadelapraka.com\/es\/taller-danza-acrobatica\/","og_site_name":"Cia Dela Praka","article_modified_time":"2020-07-10T17:21:44+00:00","twitter_card":"summary_large_image","twitter_misc":{"Tiempo de lectura":"1 minuto"},"schema":{"@context":"https:\/\/schema.org","@graph":[{"@type":"WebPage","@id":"https:\/\/ciadelapraka.com\/es\/taller-danza-acrobatica\/","url":"https:\/\/ciadelapraka.com\/es\/taller-danza-acrobatica\/","name":"Taller Danza Acrobatica - Cia Dela Praka","isPartOf":{"@id":"https:\/\/ciadelapraka.com\/es\/#website"},"datePublished":"2020-07-09T14:52:26+00:00","dateModified":"2020-07-10T17:21:44+00:00","breadcrumb":{"@id":"https:\/\/ciadelapraka.com\/es\/taller-danza-acrobatica\/#breadcrumb"},"inLanguage":"es","potentialAction":[{"@type":"ReadAction","target":["https:\/\/ciadelapraka.com\/es\/taller-danza-acrobatica\/"]}]},{"@type":"BreadcrumbList","@id":"https:\/\/ciadelapraka.com\/es\/taller-danza-acrobatica\/#breadcrumb","itemListElement":[{"@type":"ListItem","position":1,"name":"Home","item":"https:\/\/ciadelapraka.com\/es\/"},{"@type":"ListItem","position":2,"name":"Taller Danza Acrobatica"}]},{"@type":"WebSite","@id":"https:\/\/ciadelapraka.com\/es\/#website","url":"https:\/\/ciadelapraka.com\/es\/","name":"Cia Dela Praka","description":"Circus &amp; Dance Company","potentialAction":[{"@type":"SearchAction","target":{"@type":"EntryPoint","urlTemplate":"https:\/\/ciadelapraka.com\/es\/?s={search_term_string}"},"query-input":{"@type":"PropertyValueSpecification","valueRequired":true,"valueName":"search_term_string"}}],"inLanguage":"es"}]}},"_links":{"self":[{"href":"https:\/\/ciadelapraka.com\/es\/wp-json\/wp\/v2\/pages\/1041","targetHints":{"allow":["GET"]}}],"collection":[{"href":"https:\/\/ciadelapraka.com\/es\/wp-json\/wp\/v2\/pages"}],"about":[{"href":"https:\/\/ciadelapraka.com\/es\/wp-json\/wp\/v2\/types\/page"}],"author":[{"embeddable":true,"href":"https:\/\/ciadelapraka.com\/es\/wp-json\/wp\/v2\/users\/1"}],"replies":[{"embeddable":true,"href":"https:\/\/ciadelapraka.com\/es\/wp-json\/wp\/v2\/comments?post=1041"}],"version-history":[{"count":4,"href":"https:\/\/ciadelapraka.com\/es\/wp-json\/wp\/v2\/pages\/1041\/revisions"}],"predecessor-version":[{"id":1216,"href":"https:\/\/ciadelapraka.com\/es\/wp-json\/wp\/v2\/pages\/1041\/revisions\/1216"}],"wp:attachment":[{"href":"https:\/\/ciadelapraka.com\/es\/wp-json\/wp\/v2\/media?parent=1041"}],"curies":[{"name":"wp","href":"https:\/\/api.w.org\/{rel}","templated":true}]}}